{"id":25,"date":"2024-03-25T09:43:52","date_gmt":"2024-03-25T12:43:52","guid":{"rendered":"https:\/\/zortechtubos.com.br\/?page_id=25"},"modified":"2024-04-01T16:56:21","modified_gmt":"2024-04-01T19:56:21","slug":"localizacao","status":"publish","type":"page","link":"https:\/\/zortechtubos.com.br\/?page_id=25","title":{"rendered":"Localiza\u00e7\u00e3o"},"content":{"rendered":"\t\t<div data-elementor-type=\"wp-page\" data-elementor-id=\"25\" class=\"elementor elementor-25\" data-elementor-post-type=\"page\">\n\t\t\t\t<div class=\"elementor-element elementor-element-08c3afa e-flex e-con-boxed e-con e-parent\" data-id=\"08c3afa\" data-element_type=\"container\" data-e-type=\"container\">\n\t\t\t\t\t<div class=\"e-con-inner\">\n\t\t\t\t<div class=\"elementor-element elementor-element-8b404e4 elementor-icon-list--layout-traditional elementor-list-item-link-full_width elementor-widget elementor-widget-icon-list\" data-id=\"8b404e4\" data-element_type=\"widget\" data-e-type=\"widget\" data-widget_type=\"icon-list.default\">\n\t\t\t\t<div class=\"elementor-widget-container\">\n\t\t\t\t\t\t\t<ul class=\"elementor-icon-list-items\">\n\t\t\t\t\t\t\t<li class=\"elementor-icon-list-item\">\n\t\t\t\t\t\t\t\t\t\t\t<span class=\"elementor-icon-list-icon\">\n\t\t\t\t\t\t\t<svg aria-hidden=\"true\" class=\"e-font-icon-svg e-fas-map-marker-alt\" viewBox=\"0 0 384 512\" xmlns=\"http:\/\/www.w3.org\/2000\/svg\"><path d=\"M172.268 501.67C26.97 291.031 0 269.413 0 192 0 85.961 85.961 0 192 0s192 85.961 192 192c0 77.413-26.97 99.031-172.268 309.67-9.535 13.774-29.93 13.773-39.464 0zM192 272c44.183 0 80-35.817 80-80s-35.817-80-80-80-80 35.817-80 80 35.817 80 80 80z\"><\/path><\/svg>\t\t\t\t\t\t<\/span>\n\t\t\t\t\t\t\t\t\t\t<span class=\"elementor-icon-list-text\">Rua Leon Ramires Nicolau, 11 <br \/> Vila Progresso - Itu\/SP - CEP: 13313-533<\/span>\n\t\t\t\t\t\t\t\t\t<\/li>\n\t\t\t\t\t\t<\/ul>\n\t\t\t\t\t\t<\/div>\n\t\t\t\t<\/div>\n\t\t\t\t\t<\/div>\n\t\t\t\t<\/div>\n\t\t<div class=\"elementor-element elementor-element-b3b19ce e-flex e-con-boxed e-con e-parent\" data-id=\"b3b19ce\" data-element_type=\"container\" data-e-type=\"container\">\n\t\t\t\t\t<div class=\"e-con-inner\">\n\t\t\t\t<div class=\"elementor-element elementor-element-95eaf36 elementor-widget elementor-widget-google_maps\" data-id=\"95eaf36\" data-element_type=\"widget\" data-e-type=\"widget\" data-widget_type=\"google_maps.default\">\n\t\t\t\t<div class=\"elementor-widget-container\">\n\t\t\t\t\t\t\t<div class=\"elementor-custom-embed\">\n\t\t\t<iframe loading=\"lazy\"\n\t\t\t\t\tsrc=\"https:\/\/maps.google.com\/maps?q=Rua%20Leon%20Ramires%20Nicolau%2C%2011%20Vila%20Progresso%20-%20Itu%2FSP%20-%20CEP%3A%2013313-533&#038;t=m&#038;z=10&#038;output=embed&#038;iwloc=near\"\n\t\t\t\t\ttitle=\"Rua Leon Ramires Nicolau, 11 Vila Progresso - Itu\/SP - CEP: 13313-533\"\n\t\t\t\t\taria-label=\"Rua Leon Ramires Nicolau, 11 Vila Progresso - Itu\/SP - CEP: 13313-533\"\n\t\t\t><\/iframe>\n\t\t<\/div>\n\t\t\t\t\t\t<\/div>\n\t\t\t\t<\/div>\n\t\t\t\t\t<\/div>\n\t\t\t\t<\/div>\n\t\t\t\t<\/div>\n\t\t","protected":false},"excerpt":{"rendered":"<p>Rua Leon Ramires Nicolau, 11 Vila Progresso &#8211; Itu\/SP &#8211; CEP: 13313-533<\/p>\n","protected":false},"author":1,"featured_media":0,"parent":0,"menu_order":0,"comment_status":"closed","ping_status":"closed","template":"","meta":{"footnotes":""},"class_list":["post-25","page","type-page","status-publish","hentry"],"yoast_head":"<!-- This site is optimized with the Yoast SEO plugin v27.6 - https:\/\/yoast.com\/product\/yoast-seo-wordpress\/ -->\n<title>Zortech Tubos e Mangueiras Especiais | Itu\/SP | Fale Conosco: 11 2429-1622 ou 11 91771-1018 | Localiza\u00e7\u00e3o<\/title>\n<meta name=\"description\" content=\"A Zortech Tubos e Mangueiras Especiais \u00e9 uma empresa especializada na fabrica\u00e7\u00e3o de tubos e mangueiras especiais, mangueiras pneum\u00e1ticas em poliuretano para ind\u00fastrias, resid\u00eancias e agroneg\u00f3cio, produzindo com extrusoras de \u00faltima gera\u00e7\u00e3o e garantindo excel\u00eancia e qualidade em seus produtos.\" \/>\n<meta name=\"robots\" content=\"index, follow, max-snippet:-1, max-image-preview:large, max-video-preview:-1\" \/>\n<link rel=\"canonical\" href=\"https:\/\/zortechtubos.com.br\/?page_id=25\" \/>\n<meta property=\"og:locale\" content=\"pt_BR\" \/>\n<meta property=\"og:type\" content=\"article\" \/>\n<meta property=\"og:title\" content=\"Zortech Tubos e Mangueiras Especiais | Itu\/SP | Fale Conosco: 11 2429-1622 ou 11 91771-1018 | Localiza\u00e7\u00e3o\" \/>\n<meta property=\"og:description\" content=\"A Zortech Tubos e Mangueiras Especiais \u00e9 uma empresa especializada na fabrica\u00e7\u00e3o de tubos e mangueiras especiais, mangueiras pneum\u00e1ticas em poliuretano para ind\u00fastrias, resid\u00eancias e agroneg\u00f3cio, produzindo com extrusoras de \u00faltima gera\u00e7\u00e3o e garantindo excel\u00eancia e qualidade em seus produtos.\" \/>\n<meta property=\"og:url\" content=\"https:\/\/zortechtubos.com.br\/?page_id=25\" \/>\n<meta property=\"og:site_name\" content=\"Zortech Tubos\" \/>\n<meta property=\"article:modified_time\" content=\"2024-04-01T19:56:21+00:00\" \/>\n<meta property=\"og:image\" content=\"https:\/\/zortechtubos.com.br\/wp-content\/uploads\/2024\/04\/imagem_zortechtubos.com_.br_.jpg\" \/>\n\t<meta property=\"og:image:width\" content=\"1200\" \/>\n\t<meta property=\"og:image:height\" content=\"675\" \/>\n\t<meta property=\"og:image:type\" content=\"image\/jpeg\" \/>\n<meta name=\"twitter:card\" content=\"summary_large_image\" \/>\n<meta name=\"twitter:label1\" content=\"Est. tempo de leitura\" \/>\n\t<meta name=\"twitter:data1\" content=\"1 minuto\" \/>\n<script type=\"application\/ld+json\" class=\"yoast-schema-graph\">{\"@context\":\"https:\\\/\\\/schema.org\",\"@graph\":[{\"@type\":\"WebPage\",\"@id\":\"https:\\\/\\\/zortechtubos.com.br\\\/?page_id=25\",\"url\":\"https:\\\/\\\/zortechtubos.com.br\\\/?page_id=25\",\"name\":\"Zortech Tubos e Mangueiras Especiais | Itu\\\/SP | Fale Conosco: 11 2429-1622 ou 11 91771-1018 | Localiza\u00e7\u00e3o\",\"isPartOf\":{\"@id\":\"https:\\\/\\\/zortechtubos.com.br\\\/#website\"},\"datePublished\":\"2024-03-25T12:43:52+00:00\",\"dateModified\":\"2024-04-01T19:56:21+00:00\",\"description\":\"A Zortech Tubos e Mangueiras Especiais \u00e9 uma empresa especializada na fabrica\u00e7\u00e3o de tubos e mangueiras especiais, mangueiras pneum\u00e1ticas em poliuretano para ind\u00fastrias, resid\u00eancias e agroneg\u00f3cio, produzindo com extrusoras de \u00faltima gera\u00e7\u00e3o e garantindo excel\u00eancia e qualidade em seus produtos.\",\"breadcrumb\":{\"@id\":\"https:\\\/\\\/zortechtubos.com.br\\\/?page_id=25#breadcrumb\"},\"inLanguage\":\"pt-BR\",\"potentialAction\":[{\"@type\":\"ReadAction\",\"target\":[\"https:\\\/\\\/zortechtubos.com.br\\\/?page_id=25\"]}]},{\"@type\":\"BreadcrumbList\",\"@id\":\"https:\\\/\\\/zortechtubos.com.br\\\/?page_id=25#breadcrumb\",\"itemListElement\":[{\"@type\":\"ListItem\",\"position\":1,\"name\":\"In\u00edcio\",\"item\":\"https:\\\/\\\/zortechtubos.com.br\\\/\"},{\"@type\":\"ListItem\",\"position\":2,\"name\":\"Localiza\u00e7\u00e3o\"}]},{\"@type\":\"WebSite\",\"@id\":\"https:\\\/\\\/zortechtubos.com.br\\\/#website\",\"url\":\"https:\\\/\\\/zortechtubos.com.br\\\/\",\"name\":\"Zortech Tubos e Mangueiras Especiais\",\"description\":\"A ZORTECH \u00e9 uma ind\u00fastria de Tubos e Mangueiras Especiais, com localiza\u00e7\u00e3o estrat\u00e9gica na cidade de Itu\\\/SP, eixo entre Sorocaba, Campinas e S\u00e3o Paulo. Nosso parque industrial conta com 1.500m\u00b2, com m\u00e1quinas de alta tecnologia e um dep\u00f3sito auto gerenciado.  A ZORTECH \u00e9 especializada na fabrica\u00e7\u00e3o de Tubos e Mangueiras em Poliuretano, para aplica\u00e7\u00f5es em diversos setores, entre eles para Ind\u00fastrias, Resid\u00eancias, Agroneg\u00f3cio, entre outros.\",\"publisher\":{\"@id\":\"https:\\\/\\\/zortechtubos.com.br\\\/#organization\"},\"alternateName\":\"Zortech Tubos e Mangueiras Especiais\",\"potentialAction\":[{\"@type\":\"SearchAction\",\"target\":{\"@type\":\"EntryPoint\",\"urlTemplate\":\"https:\\\/\\\/zortechtubos.com.br\\\/?s={search_term_string}\"},\"query-input\":{\"@type\":\"PropertyValueSpecification\",\"valueRequired\":true,\"valueName\":\"search_term_string\"}}],\"inLanguage\":\"pt-BR\"},{\"@type\":\"Organization\",\"@id\":\"https:\\\/\\\/zortechtubos.com.br\\\/#organization\",\"name\":\"Zortech Tubos e Mangueiras Especiais\",\"url\":\"https:\\\/\\\/zortechtubos.com.br\\\/\",\"logo\":{\"@type\":\"ImageObject\",\"inLanguage\":\"pt-BR\",\"@id\":\"https:\\\/\\\/zortechtubos.com.br\\\/#\\\/schema\\\/logo\\\/image\\\/\",\"url\":\"https:\\\/\\\/zortechtubos.com.br\\\/wp-content\\\/uploads\\\/2024\\\/03\\\/logotipo.png\",\"contentUrl\":\"https:\\\/\\\/zortechtubos.com.br\\\/wp-content\\\/uploads\\\/2024\\\/03\\\/logotipo.png\",\"width\":254,\"height\":162,\"caption\":\"Zortech Tubos e Mangueiras Especiais\"},\"image\":{\"@id\":\"https:\\\/\\\/zortechtubos.com.br\\\/#\\\/schema\\\/logo\\\/image\\\/\"}}]}<\/script>\n<!-- \/ Yoast SEO plugin. -->","yoast_head_json":{"title":"Zortech Tubos e Mangueiras Especiais | Itu\/SP | Fale Conosco: 11 2429-1622 ou 11 91771-1018 | Localiza\u00e7\u00e3o","description":"A Zortech Tubos e Mangueiras Especiais \u00e9 uma empresa especializada na fabrica\u00e7\u00e3o de tubos e mangueiras especiais, mangueiras pneum\u00e1ticas em poliuretano para ind\u00fastrias, resid\u00eancias e agroneg\u00f3cio, produzindo com extrusoras de \u00faltima gera\u00e7\u00e3o e garantindo excel\u00eancia e qualidade em seus produtos.","robots":{"index":"index","follow":"follow","max-snippet":"max-snippet:-1","max-image-preview":"max-image-preview:large","max-video-preview":"max-video-preview:-1"},"canonical":"https:\/\/zortechtubos.com.br\/?page_id=25","og_locale":"pt_BR","og_type":"article","og_title":"Zortech Tubos e Mangueiras Especiais | Itu\/SP | Fale Conosco: 11 2429-1622 ou 11 91771-1018 | Localiza\u00e7\u00e3o","og_description":"A Zortech Tubos e Mangueiras Especiais \u00e9 uma empresa especializada na fabrica\u00e7\u00e3o de tubos e mangueiras especiais, mangueiras pneum\u00e1ticas em poliuretano para ind\u00fastrias, resid\u00eancias e agroneg\u00f3cio, produzindo com extrusoras de \u00faltima gera\u00e7\u00e3o e garantindo excel\u00eancia e qualidade em seus produtos.","og_url":"https:\/\/zortechtubos.com.br\/?page_id=25","og_site_name":"Zortech Tubos","article_modified_time":"2024-04-01T19:56:21+00:00","og_image":[{"width":1200,"height":675,"url":"https:\/\/zortechtubos.com.br\/wp-content\/uploads\/2024\/04\/imagem_zortechtubos.com_.br_.jpg","type":"image\/jpeg"}],"twitter_card":"summary_large_image","twitter_misc":{"Est. tempo de leitura":"1 minuto"},"schema":{"@context":"https:\/\/schema.org","@graph":[{"@type":"WebPage","@id":"https:\/\/zortechtubos.com.br\/?page_id=25","url":"https:\/\/zortechtubos.com.br\/?page_id=25","name":"Zortech Tubos e Mangueiras Especiais | Itu\/SP | Fale Conosco: 11 2429-1622 ou 11 91771-1018 | Localiza\u00e7\u00e3o","isPartOf":{"@id":"https:\/\/zortechtubos.com.br\/#website"},"datePublished":"2024-03-25T12:43:52+00:00","dateModified":"2024-04-01T19:56:21+00:00","description":"A Zortech Tubos e Mangueiras Especiais \u00e9 uma empresa especializada na fabrica\u00e7\u00e3o de tubos e mangueiras especiais, mangueiras pneum\u00e1ticas em poliuretano para ind\u00fastrias, resid\u00eancias e agroneg\u00f3cio, produzindo com extrusoras de \u00faltima gera\u00e7\u00e3o e garantindo excel\u00eancia e qualidade em seus produtos.","breadcrumb":{"@id":"https:\/\/zortechtubos.com.br\/?page_id=25#breadcrumb"},"inLanguage":"pt-BR","potentialAction":[{"@type":"ReadAction","target":["https:\/\/zortechtubos.com.br\/?page_id=25"]}]},{"@type":"BreadcrumbList","@id":"https:\/\/zortechtubos.com.br\/?page_id=25#breadcrumb","itemListElement":[{"@type":"ListItem","position":1,"name":"In\u00edcio","item":"https:\/\/zortechtubos.com.br\/"},{"@type":"ListItem","position":2,"name":"Localiza\u00e7\u00e3o"}]},{"@type":"WebSite","@id":"https:\/\/zortechtubos.com.br\/#website","url":"https:\/\/zortechtubos.com.br\/","name":"Zortech Tubos e Mangueiras Especiais","description":"A ZORTECH \u00e9 uma ind\u00fastria de Tubos e Mangueiras Especiais, com localiza\u00e7\u00e3o estrat\u00e9gica na cidade de Itu\/SP, eixo entre Sorocaba, Campinas e S\u00e3o Paulo. Nosso parque industrial conta com 1.500m\u00b2, com m\u00e1quinas de alta tecnologia e um dep\u00f3sito auto gerenciado.  A ZORTECH \u00e9 especializada na fabrica\u00e7\u00e3o de Tubos e Mangueiras em Poliuretano, para aplica\u00e7\u00f5es em diversos setores, entre eles para Ind\u00fastrias, Resid\u00eancias, Agroneg\u00f3cio, entre outros.","publisher":{"@id":"https:\/\/zortechtubos.com.br\/#organization"},"alternateName":"Zortech Tubos e Mangueiras Especiais","potentialAction":[{"@type":"SearchAction","target":{"@type":"EntryPoint","urlTemplate":"https:\/\/zortechtubos.com.br\/?s={search_term_string}"},"query-input":{"@type":"PropertyValueSpecification","valueRequired":true,"valueName":"search_term_string"}}],"inLanguage":"pt-BR"},{"@type":"Organization","@id":"https:\/\/zortechtubos.com.br\/#organization","name":"Zortech Tubos e Mangueiras Especiais","url":"https:\/\/zortechtubos.com.br\/","logo":{"@type":"ImageObject","inLanguage":"pt-BR","@id":"https:\/\/zortechtubos.com.br\/#\/schema\/logo\/image\/","url":"https:\/\/zortechtubos.com.br\/wp-content\/uploads\/2024\/03\/logotipo.png","contentUrl":"https:\/\/zortechtubos.com.br\/wp-content\/uploads\/2024\/03\/logotipo.png","width":254,"height":162,"caption":"Zortech Tubos e Mangueiras Especiais"},"image":{"@id":"https:\/\/zortechtubos.com.br\/#\/schema\/logo\/image\/"}}]}},"_links":{"self":[{"href":"https:\/\/zortechtubos.com.br\/index.php?rest_route=\/wp\/v2\/pages\/25","targetHints":{"allow":["GET"]}}],"collection":[{"href":"https:\/\/zortechtubos.com.br\/index.php?rest_route=\/wp\/v2\/pages"}],"about":[{"href":"https:\/\/zortechtubos.com.br\/index.php?rest_route=\/wp\/v2\/types\/page"}],"author":[{"embeddable":true,"href":"https:\/\/zortechtubos.com.br\/index.php?rest_route=\/wp\/v2\/users\/1"}],"replies":[{"embeddable":true,"href":"https:\/\/zortechtubos.com.br\/index.php?rest_route=%2Fwp%2Fv2%2Fcomments&post=25"}],"version-history":[{"count":5,"href":"https:\/\/zortechtubos.com.br\/index.php?rest_route=\/wp\/v2\/pages\/25\/revisions"}],"predecessor-version":[{"id":184,"href":"https:\/\/zortechtubos.com.br\/index.php?rest_route=\/wp\/v2\/pages\/25\/revisions\/184"}],"wp:attachment":[{"href":"https:\/\/zortechtubos.com.br\/index.php?rest_route=%2Fwp%2Fv2%2Fmedia&parent=25"}],"curies":[{"name":"wp","href":"https:\/\/api.w.org\/{rel}","templated":true}]}}