{"id":27,"date":"2024-03-25T09:44:05","date_gmt":"2024-03-25T12:44:05","guid":{"rendered":"https:\/\/zortechtubos.com.br\/?page_id=27"},"modified":"2024-04-01T16:56:00","modified_gmt":"2024-04-01T19:56:00","slug":"contato","status":"publish","type":"page","link":"https:\/\/zortechtubos.com.br\/?page_id=27","title":{"rendered":"Contato"},"content":{"rendered":"\t\t<div data-elementor-type=\"wp-page\" data-elementor-id=\"27\" class=\"elementor elementor-27\" data-elementor-post-type=\"page\">\n\t\t\t\t<div class=\"elementor-element elementor-element-35717ea e-flex e-con-boxed e-con e-parent\" data-id=\"35717ea\" data-element_type=\"container\" data-e-type=\"container\">\n\t\t\t\t\t<div class=\"e-con-inner\">\n\t\t<div class=\"elementor-element elementor-element-67b55a3 e-con-full e-flex e-con e-child\" data-id=\"67b55a3\" data-element_type=\"container\" data-e-type=\"container\">\n\t\t\t\t<div class=\"elementor-element elementor-element-a4d251e elementor-absolute elementor-widget elementor-widget-text-editor\" data-id=\"a4d251e\" data-element_type=\"widget\" data-e-type=\"widget\" data-settings=\"{&quot;_position&quot;:&quot;absolute&quot;}\" data-widget_type=\"text-editor.default\">\n\t\t\t\t<div class=\"elementor-widget-container\">\n\t\t\t\t\t\t\t\t\t<p>FA\u00c7A CONTATO CONOSCO PELOS CANAIS ABAIXO:<\/p>\t\t\t\t\t\t\t\t<\/div>\n\t\t\t\t<\/div>\n\t\t\t\t<div class=\"elementor-element elementor-element-2c5cc9d elementor-icon-list--layout-traditional elementor-list-item-link-full_width elementor-widget elementor-widget-icon-list\" data-id=\"2c5cc9d\" data-element_type=\"widget\" data-e-type=\"widget\" data-widget_type=\"icon-list.default\">\n\t\t\t\t<div class=\"elementor-widget-container\">\n\t\t\t\t\t\t\t<ul class=\"elementor-icon-list-items\">\n\t\t\t\t\t\t\t<li class=\"elementor-icon-list-item\">\n\t\t\t\t\t\t\t\t\t\t\t<a href=\"mailto:contato@ogrupoz.com.br\">\n\n\t\t\t\t\t\t\t\t\t\t\t\t<span class=\"elementor-icon-list-icon\">\n\t\t\t\t\t\t\t<svg aria-hidden=\"true\" class=\"e-font-icon-svg e-fas-envelope\" viewBox=\"0 0 512 512\" xmlns=\"http:\/\/www.w3.org\/2000\/svg\"><path d=\"M502.3 190.8c3.9-3.1 9.7-.2 9.7 4.7V400c0 26.5-21.5 48-48 48H48c-26.5 0-48-21.5-48-48V195.6c0-5 5.7-7.8 9.7-4.7 22.4 17.4 52.1 39.5 154.1 113.6 21.1 15.4 56.7 47.8 92.2 47.6 35.7.3 72-32.8 92.3-47.6 102-74.1 131.6-96.3 154-113.7zM256 320c23.2.4 56.6-29.2 73.4-41.4 132.7-96.3 142.8-104.7 173.4-128.7 5.8-4.5 9.2-11.5 9.2-18.9v-19c0-26.5-21.5-48-48-48H48C21.5 64 0 85.5 0 112v19c0 7.4 3.4 14.3 9.2 18.9 30.6 23.9 40.7 32.4 173.4 128.7 16.8 12.2 50.2 41.8 73.4 41.4z\"><\/path><\/svg>\t\t\t\t\t\t<\/span>\n\t\t\t\t\t\t\t\t\t\t<span class=\"elementor-icon-list-text\">contato@ogrupoz.com.br<\/span>\n\t\t\t\t\t\t\t\t\t\t\t<\/a>\n\t\t\t\t\t\t\t\t\t<\/li>\n\t\t\t\t\t\t\t\t<li class=\"elementor-icon-list-item\">\n\t\t\t\t\t\t\t\t\t\t\t<a href=\"https:\/\/api.whatsapp.com\/send?phone=5511917711018\">\n\n\t\t\t\t\t\t\t\t\t\t\t\t<span class=\"elementor-icon-list-icon\">\n\t\t\t\t\t\t\t<svg aria-hidden=\"true\" class=\"e-font-icon-svg e-fab-whatsapp-square\" viewBox=\"0 0 448 512\" xmlns=\"http:\/\/www.w3.org\/2000\/svg\"><path d=\"M224 122.8c-72.7 0-131.8 59.1-131.9 131.8 0 24.9 7 49.2 20.2 70.1l3.1 5-13.3 48.6 49.9-13.1 4.8 2.9c20.2 12 43.4 18.4 67.1 18.4h.1c72.6 0 133.3-59.1 133.3-131.8 0-35.2-15.2-68.3-40.1-93.2-25-25-58-38.7-93.2-38.7zm77.5 188.4c-3.3 9.3-19.1 17.7-26.7 18.8-12.6 1.9-22.4.9-47.5-9.9-39.7-17.2-65.7-57.2-67.7-59.8-2-2.6-16.2-21.5-16.2-41s10.2-29.1 13.9-33.1c3.6-4 7.9-5 10.6-5 2.6 0 5.3 0 7.6.1 2.4.1 5.7-.9 8.9 6.8 3.3 7.9 11.2 27.4 12.2 29.4s1.7 4.3.3 6.9c-7.6 15.2-15.7 14.6-11.6 21.6 15.3 26.3 30.6 35.4 53.9 47.1 4 2 6.3 1.7 8.6-1 2.3-2.6 9.9-11.6 12.5-15.5 2.6-4 5.3-3.3 8.9-2 3.6 1.3 23.1 10.9 27.1 12.9s6.6 3 7.6 4.6c.9 1.9.9 9.9-2.4 19.1zM400 32H48C21.5 32 0 53.5 0 80v352c0 26.5 21.5 48 48 48h352c26.5 0 48-21.5 48-48V80c0-26.5-21.5-48-48-48zM223.9 413.2c-26.6 0-52.7-6.7-75.8-19.3L64 416l22.5-82.2c-13.9-24-21.2-51.3-21.2-79.3C65.4 167.1 136.5 96 223.9 96c42.4 0 82.2 16.5 112.2 46.5 29.9 30 47.9 69.8 47.9 112.2 0 87.4-72.7 158.5-160.1 158.5z\"><\/path><\/svg>\t\t\t\t\t\t<\/span>\n\t\t\t\t\t\t\t\t\t\t<span class=\"elementor-icon-list-text\">(11) 91771-1018<\/span>\n\t\t\t\t\t\t\t\t\t\t\t<\/a>\n\t\t\t\t\t\t\t\t\t<\/li>\n\t\t\t\t\t\t<\/ul>\n\t\t\t\t\t\t<\/div>\n\t\t\t\t<\/div>\n\t\t\t\t<div class=\"elementor-element elementor-element-7b909a2 elementor-widget-divider--view-line elementor-widget elementor-widget-divider\" data-id=\"7b909a2\" data-element_type=\"widget\" data-e-type=\"widget\" data-widget_type=\"divider.default\">\n\t\t\t\t<div class=\"elementor-widget-container\">\n\t\t\t\t\t\t\t<div class=\"elementor-divider\">\n\t\t\t<span class=\"elementor-divider-separator\">\n\t\t\t\t\t\t<\/span>\n\t\t<\/div>\n\t\t\t\t\t\t<\/div>\n\t\t\t\t<\/div>\n\t\t\t\t<\/div>\n\t\t<div class=\"elementor-element elementor-element-d8787dd e-con-full e-flex e-con e-child\" data-id=\"d8787dd\" data-element_type=\"container\" data-e-type=\"container\">\n\t\t\t\t<div class=\"elementor-element elementor-element-9741406 elementor-icon-list--layout-traditional elementor-list-item-link-full_width elementor-widget elementor-widget-icon-list\" data-id=\"9741406\" data-element_type=\"widget\" data-e-type=\"widget\" data-widget_type=\"icon-list.default\">\n\t\t\t\t<div class=\"elementor-widget-container\">\n\t\t\t\t\t\t\t<ul class=\"elementor-icon-list-items\">\n\t\t\t\t\t\t\t<li class=\"elementor-icon-list-item\">\n\t\t\t\t\t\t\t\t\t\t\t<a href=\"tel:+551124291622\">\n\n\t\t\t\t\t\t\t\t\t\t\t\t<span class=\"elementor-icon-list-icon\">\n\t\t\t\t\t\t\t<svg aria-hidden=\"true\" class=\"e-font-icon-svg e-fas-phone-square-alt\" viewBox=\"0 0 448 512\" xmlns=\"http:\/\/www.w3.org\/2000\/svg\"><path d=\"M400 32H48A48 48 0 0 0 0 80v352a48 48 0 0 0 48 48h352a48 48 0 0 0 48-48V80a48 48 0 0 0-48-48zm-16.39 307.37l-15 65A15 15 0 0 1 354 416C194 416 64 286.29 64 126a15.7 15.7 0 0 1 11.63-14.61l65-15A18.23 18.23 0 0 1 144 96a16.27 16.27 0 0 1 13.79 9.09l30 70A17.9 17.9 0 0 1 189 181a17 17 0 0 1-5.5 11.61l-37.89 31a231.91 231.91 0 0 0 110.78 110.78l31-37.89A17 17 0 0 1 299 291a17.85 17.85 0 0 1 5.91 1.21l70 30A16.25 16.25 0 0 1 384 336a17.41 17.41 0 0 1-.39 3.37z\"><\/path><\/svg>\t\t\t\t\t\t<\/span>\n\t\t\t\t\t\t\t\t\t\t<span class=\"elementor-icon-list-text\">(11) 2429-1622<\/span>\n\t\t\t\t\t\t\t\t\t\t\t<\/a>\n\t\t\t\t\t\t\t\t\t<\/li>\n\t\t\t\t\t\t\t\t<li class=\"elementor-icon-list-item\">\n\t\t\t\t\t\t\t\t\t\t\t<a href=\"tel:+55(11)24291621\">\n\n\t\t\t\t\t\t\t\t\t\t\t\t<span class=\"elementor-icon-list-icon\">\n\t\t\t\t\t\t\t<svg aria-hidden=\"true\" class=\"e-font-icon-svg e-fas-phone-square-alt\" viewBox=\"0 0 448 512\" xmlns=\"http:\/\/www.w3.org\/2000\/svg\"><path d=\"M400 32H48A48 48 0 0 0 0 80v352a48 48 0 0 0 48 48h352a48 48 0 0 0 48-48V80a48 48 0 0 0-48-48zm-16.39 307.37l-15 65A15 15 0 0 1 354 416C194 416 64 286.29 64 126a15.7 15.7 0 0 1 11.63-14.61l65-15A18.23 18.23 0 0 1 144 96a16.27 16.27 0 0 1 13.79 9.09l30 70A17.9 17.9 0 0 1 189 181a17 17 0 0 1-5.5 11.61l-37.89 31a231.91 231.91 0 0 0 110.78 110.78l31-37.89A17 17 0 0 1 299 291a17.85 17.85 0 0 1 5.91 1.21l70 30A16.25 16.25 0 0 1 384 336a17.41 17.41 0 0 1-.39 3.37z\"><\/path><\/svg>\t\t\t\t\t\t<\/span>\n\t\t\t\t\t\t\t\t\t\t<span class=\"elementor-icon-list-text\">(11) 2429-1621<\/span>\n\t\t\t\t\t\t\t\t\t\t\t<\/a>\n\t\t\t\t\t\t\t\t\t<\/li>\n\t\t\t\t\t\t<\/ul>\n\t\t\t\t\t\t<\/div>\n\t\t\t\t<\/div>\n\t\t\t\t<div class=\"elementor-element elementor-element-a57fce0 elementor-widget-divider--view-line elementor-widget elementor-widget-divider\" data-id=\"a57fce0\" data-element_type=\"widget\" data-e-type=\"widget\" data-widget_type=\"divider.default\">\n\t\t\t\t<div class=\"elementor-widget-container\">\n\t\t\t\t\t\t\t<div class=\"elementor-divider\">\n\t\t\t<span class=\"elementor-divider-separator\">\n\t\t\t\t\t\t<\/span>\n\t\t<\/div>\n\t\t\t\t\t\t<\/div>\n\t\t\t\t<\/div>\n\t\t\t\t<\/div>\n\t\t\t\t\t<\/div>\n\t\t\t\t<\/div>\n\t\t\t\t<\/div>\n\t\t","protected":false},"excerpt":{"rendered":"<p>FA\u00c7A CONTATO CONOSCO PELOS CANAIS ABAIXO: contato@ogrupoz.com.br (11) 91771-1018 (11) 2429-1622 (11) 2429-1621<\/p>\n","protected":false},"author":1,"featured_media":0,"parent":0,"menu_order":0,"comment_status":"closed","ping_status":"closed","template":"","meta":{"footnotes":""},"class_list":["post-27","page","type-page","status-publish","hentry"],"yoast_head":"<!-- This site is optimized with the Yoast SEO plugin v27.3 - https:\/\/yoast.com\/product\/yoast-seo-wordpress\/ -->\n<title>Zortech Tubos e Mangueiras Especiais | Itu\/SP | Fale Conosco: 11 2429-1622 ou 11 91771-1018 | Contato<\/title>\n<meta name=\"description\" content=\"A Zortech Tubos e Mangueiras Especiais \u00e9 uma empresa especializada na fabrica\u00e7\u00e3o de tubos e mangueiras especiais, mangueiras pneum\u00e1ticas em poliuretano para ind\u00fastrias, resid\u00eancias e agroneg\u00f3cio, produzindo com extrusoras de \u00faltima gera\u00e7\u00e3o e garantindo excel\u00eancia e qualidade em seus produtos.\" \/>\n<meta name=\"robots\" content=\"index, follow, max-snippet:-1, max-image-preview:large, max-video-preview:-1\" \/>\n<link rel=\"canonical\" href=\"https:\/\/zortechtubos.com.br\/?page_id=27\" \/>\n<meta property=\"og:locale\" content=\"pt_BR\" \/>\n<meta property=\"og:type\" content=\"article\" \/>\n<meta property=\"og:title\" content=\"Zortech Tubos e Mangueiras Especiais | Itu\/SP | Fale Conosco: 11 2429-1622 ou 11 91771-1018 | Contato\" \/>\n<meta property=\"og:description\" content=\"A Zortech Tubos e Mangueiras Especiais \u00e9 uma empresa especializada na fabrica\u00e7\u00e3o de tubos e mangueiras especiais, mangueiras pneum\u00e1ticas em poliuretano para ind\u00fastrias, resid\u00eancias e agroneg\u00f3cio, produzindo com extrusoras de \u00faltima gera\u00e7\u00e3o e garantindo excel\u00eancia e qualidade em seus produtos.\" \/>\n<meta property=\"og:url\" content=\"https:\/\/zortechtubos.com.br\/?page_id=27\" \/>\n<meta property=\"og:site_name\" content=\"Zortech Tubos\" \/>\n<meta property=\"article:modified_time\" content=\"2024-04-01T19:56:00+00:00\" \/>\n<meta property=\"og:image\" content=\"https:\/\/zortechtubos.com.br\/wp-content\/uploads\/2024\/04\/imagem_zortechtubos.com_.br_.jpg\" \/>\n\t<meta property=\"og:image:width\" content=\"1200\" \/>\n\t<meta property=\"og:image:height\" content=\"675\" \/>\n\t<meta property=\"og:image:type\" content=\"image\/jpeg\" \/>\n<meta name=\"twitter:card\" content=\"summary_large_image\" \/>\n<meta name=\"twitter:label1\" content=\"Est. tempo de leitura\" \/>\n\t<meta name=\"twitter:data1\" content=\"1 minuto\" \/>\n<script type=\"application\/ld+json\" class=\"yoast-schema-graph\">{\"@context\":\"https:\\\/\\\/schema.org\",\"@graph\":[{\"@type\":\"WebPage\",\"@id\":\"https:\\\/\\\/zortechtubos.com.br\\\/?page_id=27\",\"url\":\"https:\\\/\\\/zortechtubos.com.br\\\/?page_id=27\",\"name\":\"Zortech Tubos e Mangueiras Especiais | Itu\\\/SP | Fale Conosco: 11 2429-1622 ou 11 91771-1018 | Contato\",\"isPartOf\":{\"@id\":\"https:\\\/\\\/zortechtubos.com.br\\\/#website\"},\"datePublished\":\"2024-03-25T12:44:05+00:00\",\"dateModified\":\"2024-04-01T19:56:00+00:00\",\"description\":\"A Zortech Tubos e Mangueiras Especiais \u00e9 uma empresa especializada na fabrica\u00e7\u00e3o de tubos e mangueiras especiais, mangueiras pneum\u00e1ticas em poliuretano para ind\u00fastrias, resid\u00eancias e agroneg\u00f3cio, produzindo com extrusoras de \u00faltima gera\u00e7\u00e3o e garantindo excel\u00eancia e qualidade em seus produtos.\",\"breadcrumb\":{\"@id\":\"https:\\\/\\\/zortechtubos.com.br\\\/?page_id=27#breadcrumb\"},\"inLanguage\":\"pt-BR\",\"potentialAction\":[{\"@type\":\"ReadAction\",\"target\":[\"https:\\\/\\\/zortechtubos.com.br\\\/?page_id=27\"]}]},{\"@type\":\"BreadcrumbList\",\"@id\":\"https:\\\/\\\/zortechtubos.com.br\\\/?page_id=27#breadcrumb\",\"itemListElement\":[{\"@type\":\"ListItem\",\"position\":1,\"name\":\"In\u00edcio\",\"item\":\"https:\\\/\\\/zortechtubos.com.br\\\/\"},{\"@type\":\"ListItem\",\"position\":2,\"name\":\"Contato\"}]},{\"@type\":\"WebSite\",\"@id\":\"https:\\\/\\\/zortechtubos.com.br\\\/#website\",\"url\":\"https:\\\/\\\/zortechtubos.com.br\\\/\",\"name\":\"Zortech Tubos e Mangueiras Especiais\",\"description\":\"A ZORTECH \u00e9 uma ind\u00fastria de Tubos e Mangueiras Especiais, com localiza\u00e7\u00e3o estrat\u00e9gica na cidade de Itu\\\/SP, eixo entre Sorocaba, Campinas e S\u00e3o Paulo. Nosso parque industrial conta com 1.500m\u00b2, com m\u00e1quinas de alta tecnologia e um dep\u00f3sito auto gerenciado.  A ZORTECH \u00e9 especializada na fabrica\u00e7\u00e3o de Tubos e Mangueiras em Poliuretano, para aplica\u00e7\u00f5es em diversos setores, entre eles para Ind\u00fastrias, Resid\u00eancias, Agroneg\u00f3cio, entre outros.\",\"publisher\":{\"@id\":\"https:\\\/\\\/zortechtubos.com.br\\\/#organization\"},\"alternateName\":\"Zortech Tubos e Mangueiras Especiais\",\"potentialAction\":[{\"@type\":\"SearchAction\",\"target\":{\"@type\":\"EntryPoint\",\"urlTemplate\":\"https:\\\/\\\/zortechtubos.com.br\\\/?s={search_term_string}\"},\"query-input\":{\"@type\":\"PropertyValueSpecification\",\"valueRequired\":true,\"valueName\":\"search_term_string\"}}],\"inLanguage\":\"pt-BR\"},{\"@type\":\"Organization\",\"@id\":\"https:\\\/\\\/zortechtubos.com.br\\\/#organization\",\"name\":\"Zortech Tubos e Mangueiras Especiais\",\"url\":\"https:\\\/\\\/zortechtubos.com.br\\\/\",\"logo\":{\"@type\":\"ImageObject\",\"inLanguage\":\"pt-BR\",\"@id\":\"https:\\\/\\\/zortechtubos.com.br\\\/#\\\/schema\\\/logo\\\/image\\\/\",\"url\":\"https:\\\/\\\/zortechtubos.com.br\\\/wp-content\\\/uploads\\\/2024\\\/03\\\/logotipo.png\",\"contentUrl\":\"https:\\\/\\\/zortechtubos.com.br\\\/wp-content\\\/uploads\\\/2024\\\/03\\\/logotipo.png\",\"width\":254,\"height\":162,\"caption\":\"Zortech Tubos e Mangueiras Especiais\"},\"image\":{\"@id\":\"https:\\\/\\\/zortechtubos.com.br\\\/#\\\/schema\\\/logo\\\/image\\\/\"}}]}<\/script>\n<!-- \/ Yoast SEO plugin. -->","yoast_head_json":{"title":"Zortech Tubos e Mangueiras Especiais | Itu\/SP | Fale Conosco: 11 2429-1622 ou 11 91771-1018 | Contato","description":"A Zortech Tubos e Mangueiras Especiais \u00e9 uma empresa especializada na fabrica\u00e7\u00e3o de tubos e mangueiras especiais, mangueiras pneum\u00e1ticas em poliuretano para ind\u00fastrias, resid\u00eancias e agroneg\u00f3cio, produzindo com extrusoras de \u00faltima gera\u00e7\u00e3o e garantindo excel\u00eancia e qualidade em seus produtos.","robots":{"index":"index","follow":"follow","max-snippet":"max-snippet:-1","max-image-preview":"max-image-preview:large","max-video-preview":"max-video-preview:-1"},"canonical":"https:\/\/zortechtubos.com.br\/?page_id=27","og_locale":"pt_BR","og_type":"article","og_title":"Zortech Tubos e Mangueiras Especiais | Itu\/SP | Fale Conosco: 11 2429-1622 ou 11 91771-1018 | Contato","og_description":"A Zortech Tubos e Mangueiras Especiais \u00e9 uma empresa especializada na fabrica\u00e7\u00e3o de tubos e mangueiras especiais, mangueiras pneum\u00e1ticas em poliuretano para ind\u00fastrias, resid\u00eancias e agroneg\u00f3cio, produzindo com extrusoras de \u00faltima gera\u00e7\u00e3o e garantindo excel\u00eancia e qualidade em seus produtos.","og_url":"https:\/\/zortechtubos.com.br\/?page_id=27","og_site_name":"Zortech Tubos","article_modified_time":"2024-04-01T19:56:00+00:00","og_image":[{"width":1200,"height":675,"url":"https:\/\/zortechtubos.com.br\/wp-content\/uploads\/2024\/04\/imagem_zortechtubos.com_.br_.jpg","type":"image\/jpeg"}],"twitter_card":"summary_large_image","twitter_misc":{"Est. tempo de leitura":"1 minuto"},"schema":{"@context":"https:\/\/schema.org","@graph":[{"@type":"WebPage","@id":"https:\/\/zortechtubos.com.br\/?page_id=27","url":"https:\/\/zortechtubos.com.br\/?page_id=27","name":"Zortech Tubos e Mangueiras Especiais | Itu\/SP | Fale Conosco: 11 2429-1622 ou 11 91771-1018 | Contato","isPartOf":{"@id":"https:\/\/zortechtubos.com.br\/#website"},"datePublished":"2024-03-25T12:44:05+00:00","dateModified":"2024-04-01T19:56:00+00:00","description":"A Zortech Tubos e Mangueiras Especiais \u00e9 uma empresa especializada na fabrica\u00e7\u00e3o de tubos e mangueiras especiais, mangueiras pneum\u00e1ticas em poliuretano para ind\u00fastrias, resid\u00eancias e agroneg\u00f3cio, produzindo com extrusoras de \u00faltima gera\u00e7\u00e3o e garantindo excel\u00eancia e qualidade em seus produtos.","breadcrumb":{"@id":"https:\/\/zortechtubos.com.br\/?page_id=27#breadcrumb"},"inLanguage":"pt-BR","potentialAction":[{"@type":"ReadAction","target":["https:\/\/zortechtubos.com.br\/?page_id=27"]}]},{"@type":"BreadcrumbList","@id":"https:\/\/zortechtubos.com.br\/?page_id=27#breadcrumb","itemListElement":[{"@type":"ListItem","position":1,"name":"In\u00edcio","item":"https:\/\/zortechtubos.com.br\/"},{"@type":"ListItem","position":2,"name":"Contato"}]},{"@type":"WebSite","@id":"https:\/\/zortechtubos.com.br\/#website","url":"https:\/\/zortechtubos.com.br\/","name":"Zortech Tubos e Mangueiras Especiais","description":"A ZORTECH \u00e9 uma ind\u00fastria de Tubos e Mangueiras Especiais, com localiza\u00e7\u00e3o estrat\u00e9gica na cidade de Itu\/SP, eixo entre Sorocaba, Campinas e S\u00e3o Paulo. Nosso parque industrial conta com 1.500m\u00b2, com m\u00e1quinas de alta tecnologia e um dep\u00f3sito auto gerenciado.  A ZORTECH \u00e9 especializada na fabrica\u00e7\u00e3o de Tubos e Mangueiras em Poliuretano, para aplica\u00e7\u00f5es em diversos setores, entre eles para Ind\u00fastrias, Resid\u00eancias, Agroneg\u00f3cio, entre outros.","publisher":{"@id":"https:\/\/zortechtubos.com.br\/#organization"},"alternateName":"Zortech Tubos e Mangueiras Especiais","potentialAction":[{"@type":"SearchAction","target":{"@type":"EntryPoint","urlTemplate":"https:\/\/zortechtubos.com.br\/?s={search_term_string}"},"query-input":{"@type":"PropertyValueSpecification","valueRequired":true,"valueName":"search_term_string"}}],"inLanguage":"pt-BR"},{"@type":"Organization","@id":"https:\/\/zortechtubos.com.br\/#organization","name":"Zortech Tubos e Mangueiras Especiais","url":"https:\/\/zortechtubos.com.br\/","logo":{"@type":"ImageObject","inLanguage":"pt-BR","@id":"https:\/\/zortechtubos.com.br\/#\/schema\/logo\/image\/","url":"https:\/\/zortechtubos.com.br\/wp-content\/uploads\/2024\/03\/logotipo.png","contentUrl":"https:\/\/zortechtubos.com.br\/wp-content\/uploads\/2024\/03\/logotipo.png","width":254,"height":162,"caption":"Zortech Tubos e Mangueiras Especiais"},"image":{"@id":"https:\/\/zortechtubos.com.br\/#\/schema\/logo\/image\/"}}]}},"_links":{"self":[{"href":"https:\/\/zortechtubos.com.br\/index.php?rest_route=\/wp\/v2\/pages\/27","targetHints":{"allow":["GET"]}}],"collection":[{"href":"https:\/\/zortechtubos.com.br\/index.php?rest_route=\/wp\/v2\/pages"}],"about":[{"href":"https:\/\/zortechtubos.com.br\/index.php?rest_route=\/wp\/v2\/types\/page"}],"author":[{"embeddable":true,"href":"https:\/\/zortechtubos.com.br\/index.php?rest_route=\/wp\/v2\/users\/1"}],"replies":[{"embeddable":true,"href":"https:\/\/zortechtubos.com.br\/index.php?rest_route=%2Fwp%2Fv2%2Fcomments&post=27"}],"version-history":[{"count":5,"href":"https:\/\/zortechtubos.com.br\/index.php?rest_route=\/wp\/v2\/pages\/27\/revisions"}],"predecessor-version":[{"id":178,"href":"https:\/\/zortechtubos.com.br\/index.php?rest_route=\/wp\/v2\/pages\/27\/revisions\/178"}],"wp:attachment":[{"href":"https:\/\/zortechtubos.com.br\/index.php?rest_route=%2Fwp%2Fv2%2Fmedia&parent=27"}],"curies":[{"name":"wp","href":"https:\/\/api.w.org\/{rel}","templated":true}]}}